{"id":231,"date":"2015-08-06T06:29:30","date_gmt":"2015-08-06T06:29:30","guid":{"rendered":"http:\/\/accesspressthemes.com\/fotography\/?page_id=231"},"modified":"2024-01-20T20:05:37","modified_gmt":"2024-01-20T20:05:37","slug":"home","status":"publish","type":"page","link":"https:\/\/lubaya.ch\/","title":{"rendered":"Herzlich Willkommen bei"},"content":{"rendered":"\n<h2 class=\"wp-block-heading has-text-align-center\">LUBAYA PHOTOGRAPHY<\/h2>\n\n\n\n<h2 class=\"wp-block-heading has-text-align-center has-large-font-size\">Poesie in Bildern<\/h2>\n\n\n\n<h2 class=\"wp-block-heading has-text-align-center has-small-font-size\">AUTHENTISCH. GEF\u00dcHLVOLL. LEBENDIG<\/h2>\n\n\n\n<blockquote class=\"wp-block-quote is-layout-flow wp-block-quote-is-layout-flow\">\n<p class=\"has-text-align-center\">&#8222;Fotografie ist f\u00fcr mich nicht schauen, sondern f\u00fchlen. Wenn du nicht f\u00fchlen kannst, was du anschaust, dann wirst du auch andere niemals dazu bringen, etwas zu f\u00fchlen, wenn sie dein Foto betrachten.&#8220;<\/p>\n<cite><em>&#8211; Don McCullin<\/em><\/cite><\/blockquote>\n\n\n\n<p><\/p>\n","protected":false},"excerpt":{"rendered":"<p>LUBAYA PHOTOGRAPHY Poesie in Bildern AUTHENTISCH. GEF\u00dcHLVOLL. LEBENDIG &#8222;Fotografie ist f\u00fcr mich nicht schauen, sondern f\u00fchlen. Wenn du nicht f\u00fchlen kannst, was du anschaust, dann wirst du auch andere niemals dazu bringen, etwas zu f\u00fchlen, wenn sie dein Foto betrachten.&#8220; &#8211; Don McCullin<\/p>\n","protected":false},"author":1,"featured_media":2101,"parent":0,"menu_order":0,"comment_status":"closed","ping_status":"open","template":"","meta":{"footnotes":""},"class_list":["post-231","page","type-page","status-publish","has-post-thumbnail","hentry"],"_links":{"self":[{"href":"https:\/\/lubaya.ch\/index.php?rest_route=\/wp\/v2\/pages\/231","targetHints":{"allow":["GET"]}}],"collection":[{"href":"https:\/\/lubaya.ch\/index.php?rest_route=\/wp\/v2\/pages"}],"about":[{"href":"https:\/\/lubaya.ch\/index.php?rest_route=\/wp\/v2\/types\/page"}],"author":[{"embeddable":true,"href":"https:\/\/lubaya.ch\/index.php?rest_route=\/wp\/v2\/users\/1"}],"replies":[{"embeddable":true,"href":"https:\/\/lubaya.ch\/index.php?rest_route=%2Fwp%2Fv2%2Fcomments&post=231"}],"version-history":[{"count":20,"href":"https:\/\/lubaya.ch\/index.php?rest_route=\/wp\/v2\/pages\/231\/revisions"}],"predecessor-version":[{"id":2221,"href":"https:\/\/lubaya.ch\/index.php?rest_route=\/wp\/v2\/pages\/231\/revisions\/2221"}],"wp:featuredmedia":[{"embeddable":true,"href":"https:\/\/lubaya.ch\/index.php?rest_route=\/wp\/v2\/media\/2101"}],"wp:attachment":[{"href":"https:\/\/lubaya.ch\/index.php?rest_route=%2Fwp%2Fv2%2Fmedia&parent=231"}],"curies":[{"name":"wp","href":"https:\/\/api.w.org\/{rel}","templated":true}]}}