{"id":2163,"date":"2024-01-20T14:33:35","date_gmt":"2024-01-20T14:33:35","guid":{"rendered":"https:\/\/lubaya.ch\/?page_id=2163"},"modified":"2024-01-31T20:28:36","modified_gmt":"2024-01-31T20:28:36","slug":"vor-der-linse-2","status":"publish","type":"page","link":"https:\/\/lubaya.ch\/?page_id=2163","title":{"rendered":"Vor der Linse"},"content":{"rendered":"\n<p>Mittlerweile durfte ich in folgenden verschiedenen Bereichen der Fotografie Erfahrungen sammeln:<\/p>\n\n\n\n<ul class=\"wp-block-list\">\n<li>Portrait Bilder<\/li>\n\n\n\n<li>Paar \/ Verlobung<\/li>\n\n\n\n<li>Hochzeiten<\/li>\n\n\n\n<li>Schwangerschaft<\/li>\n\n\n\n<li>Baby \/ Neugeborene<\/li>\n\n\n\n<li>Familie und Geschwister<\/li>\n\n\n\n<li>Business \/ Teamfotos<\/li>\n\n\n\n<li>Haustiere \/ Tiere<\/li>\n\n\n\n<li>Landschaft \/ Makro<\/li>\n<\/ul>\n\n\n\n<p><\/p>\n\n\n\n<p>Unter Galerie findest du zu den jeweiligen Kategorien einige Beispielbilder. Mein Grundsatz: So nat\u00fcrlich und authentisch wie m\u00f6glich. Meine Bilder sind nat\u00fcrlich und nur wenig bearbeitet. Ich liebe es, gemeinsam mit dir deine Ideen kreativ umzusetzen und ich richte mich soweit wie mir m\u00f6glich ist, stets nach den Vorstellungen und W\u00fcnschen der Auftraggeber. <\/p>\n\n\n\n<p class=\"has-large-font-size\">Angebote und Preise zu den unterschiedlichen Bereichen findest du unter Angebote. <\/p>\n\n\n\n<p>Herzensanliegen: Manchmal versp\u00fcren wir Menschen auch den tiefen Wunsch, schwere oder traurige Erlebnisse in Bildern als letzte Erinnerungen festzuhalten. Seien dies Familienfotos mit einer kranken Person, oder Familienbilder mit einem geliebten Schmetterlingskind \/Sternenkind. Auf Wunsch komme ich gerne zu dir und deinen Liebsten nach Hause oder ins Krankenhaus. Mit viel Einf\u00fchlungsverm\u00f6gen und Respekt bin ich bem\u00fcht, diese intimen und wichtigen Momente festzuhalten, damit wertvolle Erinnerungsbilder bleiben. <\/p>\n\n\n\n<p class=\"has-small-font-size\">Jede\/r Fotograf\/in hat seinen ganz pers\u00f6nlichen Stil zu fotografieren und wie es in Stilfragen so ist, hat nicht jede\/r den gleichen Geschmack. Und das ist auch gut so. Wenn dir meine Art der Bilder nicht entspricht, bin ich sicher, findest du nach einigen Recherchen sicherlich ein\/e passende\/n Fotograf\/in f\u00fcr deine Wunschbilder.<\/p>\n\n\n\n<blockquote class=\"wp-block-quote is-layout-flow wp-block-quote-is-layout-flow\">\n<p>&#8222;<em>Wenn sich der Fotograf f\u00fcr die Menschen vor seiner Linse interessiert und mitf\u00fchlend ist, ist das schon eine Menge. Das Instrument ist nicht die Kamera, sondern der Fotograf.<\/em>&#8222;<\/p>\n<cite>Eve Arnold<\/cite><\/blockquote>\n","protected":false},"excerpt":{"rendered":"<p>Mittlerweile durfte ich in folgenden verschiedenen Bereichen der Fotografie Erfahrungen sammeln: Unter Galerie findest du zu den jeweiligen Kategorien einige Beispielbilder. Mein Grundsatz: So nat\u00fcrlich und authentisch wie m\u00f6glich. Meine Bilder sind nat\u00fcrlich und nur wenig bearbeitet. Ich liebe es, gemeinsam mit dir deine Ideen kreativ umzusetzen und ich richte mich soweit wie mir m\u00f6glich [&hellip;]<\/p>\n","protected":false},"author":1,"featured_media":2080,"parent":0,"menu_order":0,"comment_status":"closed","ping_status":"closed","template":"","meta":{"footnotes":""},"class_list":["post-2163","page","type-page","status-publish","has-post-thumbnail","hentry"],"_links":{"self":[{"href":"https:\/\/lubaya.ch\/index.php?rest_route=\/wp\/v2\/pages\/2163","targetHints":{"allow":["GET"]}}],"collection":[{"href":"https:\/\/lubaya.ch\/index.php?rest_route=\/wp\/v2\/pages"}],"about":[{"href":"https:\/\/lubaya.ch\/index.php?rest_route=\/wp\/v2\/types\/page"}],"author":[{"embeddable":true,"href":"https:\/\/lubaya.ch\/index.php?rest_route=\/wp\/v2\/users\/1"}],"replies":[{"embeddable":true,"href":"https:\/\/lubaya.ch\/index.php?rest_route=%2Fwp%2Fv2%2Fcomments&post=2163"}],"version-history":[{"count":8,"href":"https:\/\/lubaya.ch\/index.php?rest_route=\/wp\/v2\/pages\/2163\/revisions"}],"predecessor-version":[{"id":2318,"href":"https:\/\/lubaya.ch\/index.php?rest_route=\/wp\/v2\/pages\/2163\/revisions\/2318"}],"wp:featuredmedia":[{"embeddable":true,"href":"https:\/\/lubaya.ch\/index.php?rest_route=\/wp\/v2\/media\/2080"}],"wp:attachment":[{"href":"https:\/\/lubaya.ch\/index.php?rest_route=%2Fwp%2Fv2%2Fmedia&parent=2163"}],"curies":[{"name":"wp","href":"https:\/\/api.w.org\/{rel}","templated":true}]}}