{"id":1423,"date":"2021-04-16T15:21:57","date_gmt":"2021-04-16T15:21:57","guid":{"rendered":"https:\/\/lubaya.ch\/?page_id=1423"},"modified":"2024-07-30T13:57:45","modified_gmt":"2024-07-30T13:57:45","slug":"angebot","status":"publish","type":"page","link":"https:\/\/lubaya.ch\/?page_id=1423","title":{"rendered":"Angebote"},"content":{"rendered":"\n<p>Du m\u00f6chtest authentische, gef\u00fchlvolle Bilder von dir selbst, oder von deinen Liebsten? Du m\u00f6chtest deine Schwangerschaft, oder sonst ein wichtiges Lebensereignis in nat\u00fcrlichen Bildern festhalten? Du feierst Geburtstag, oder eine Hochzeit und m\u00f6chtest diese Momente in lebendigen, nicht gestellten Fotos festhalten? Du ben\u00f6tigst individuelle Bilder f\u00fcr eine eigene Homepage oder neue Teamfotos? Dann melde dich bei mir. Gemeinsam besprechen wir deine W\u00fcnsche und Vorstellungen. <\/p>\n\n\n\n<p>Untenstehend findest du meine Angebote und Preise. <\/p>\n\n\n\n<p class=\"has-large-font-size\">Folgende Leistungen sind in den Angeboten inbegriffen: <\/p>\n\n\n\n<p class=\"has-normal-font-size\">Vorbesprechung, Materialkosten, Fotoshooting, Zeit f\u00fcr Bildbearbeitung Basic, Passwortgesch\u00fctzte Onlinegalerie zum Download deiner Bilder. Du erh\u00e4ltst deine Bilder digital in JPEG Format. Die RAW Dateien werden nicht ausgeh\u00e4ndigt. Bei einem l\u00e4ngeren Anfahrtsweg als 30min wird eine Pauschale verrechnet.<\/p>\n\n\n\n<div class=\"wp-block-media-text is-stacked-on-mobile\"><figure class=\"wp-block-media-text__media\"><img loading=\"lazy\" decoding=\"async\" width=\"683\" height=\"1024\" src=\"https:\/\/lubaya.ch\/wp-content\/uploads\/2024\/01\/Homepage-11-683x1024.jpg\" alt=\"\" class=\"wp-image-2183 size-full\" srcset=\"https:\/\/lubaya.ch\/wp-content\/uploads\/2024\/01\/Homepage-11-683x1024.jpg 683w, https:\/\/lubaya.ch\/wp-content\/uploads\/2024\/01\/Homepage-11-200x300.jpg 200w, https:\/\/lubaya.ch\/wp-content\/uploads\/2024\/01\/Homepage-11-768x1152.jpg 768w, https:\/\/lubaya.ch\/wp-content\/uploads\/2024\/01\/Homepage-11-1024x1536.jpg 1024w, https:\/\/lubaya.ch\/wp-content\/uploads\/2024\/01\/Homepage-11-1366x2048.jpg 1366w, https:\/\/lubaya.ch\/wp-content\/uploads\/2024\/01\/Homepage-11-1240x1860.jpg 1240w, https:\/\/lubaya.ch\/wp-content\/uploads\/2024\/01\/Homepage-11-508x762.jpg 508w, https:\/\/lubaya.ch\/wp-content\/uploads\/2024\/01\/Homepage-11-scaled.jpg 1707w\" sizes=\"auto, (max-width: 683px) 100vw, 683px\" \/><\/figure><div class=\"wp-block-media-text__content\">\n<p class=\"has-large-font-size\">Portrait Shooting<\/p>\n\n\n\n<p class=\"has-small-font-size\">Portrait oder Bewerbungsbilder<\/p>\n\n\n\n<p>1h Shooting<\/p>\n\n\n\n<p>Bei dir zu Hause oder an einem Ort deiner Wahl<\/p>\n\n\n\n<p>inkl. 10 bearbeitete Bilder (jedes zus\u00e4tzliche Bild 19.-)<\/p>\n\n\n\n<p class=\"has-large-font-size\">Preis: 200.- <\/p>\n<\/div><\/div>\n\n\n\n<div class=\"wp-block-media-text is-stacked-on-mobile\"><figure class=\"wp-block-media-text__media\"><img loading=\"lazy\" decoding=\"async\" width=\"683\" height=\"1024\" src=\"https:\/\/lubaya.ch\/wp-content\/uploads\/2024\/01\/Homepage-1-683x1024.jpg\" alt=\"\" class=\"wp-image-2184 size-full\" srcset=\"https:\/\/lubaya.ch\/wp-content\/uploads\/2024\/01\/Homepage-1-683x1024.jpg 683w, https:\/\/lubaya.ch\/wp-content\/uploads\/2024\/01\/Homepage-1-200x300.jpg 200w, https:\/\/lubaya.ch\/wp-content\/uploads\/2024\/01\/Homepage-1-768x1152.jpg 768w, https:\/\/lubaya.ch\/wp-content\/uploads\/2024\/01\/Homepage-1-1024x1536.jpg 1024w, https:\/\/lubaya.ch\/wp-content\/uploads\/2024\/01\/Homepage-1-1365x2048.jpg 1365w, https:\/\/lubaya.ch\/wp-content\/uploads\/2024\/01\/Homepage-1-1240x1860.jpg 1240w, https:\/\/lubaya.ch\/wp-content\/uploads\/2024\/01\/Homepage-1-508x762.jpg 508w, https:\/\/lubaya.ch\/wp-content\/uploads\/2024\/01\/Homepage-1-scaled.jpg 1707w\" sizes=\"auto, (max-width: 683px) 100vw, 683px\" \/><\/figure><div class=\"wp-block-media-text__content\">\n<p class=\"has-large-font-size\">Paar \/ Verlobung Shooting<\/p>\n\n\n\n<p class=\"has-small-font-size\">Paarbilder zur Erinnerung oder f\u00fcr Einladungskarten<\/p>\n\n\n\n<p>2h Shooting<\/p>\n\n\n\n<p>Ein Ort nach eurer Wahl<\/p>\n\n\n\n<p>inkl. 20 bearbeitete Bilder (jedes weitere Bild 19.-)<\/p>\n\n\n\n<p class=\"has-large-font-size\">Preis: 400.- <\/p>\n<\/div><\/div>\n\n\n\n<div class=\"wp-block-media-text is-stacked-on-mobile\"><figure class=\"wp-block-media-text__media\"><img loading=\"lazy\" decoding=\"async\" width=\"681\" height=\"1024\" src=\"https:\/\/lubaya.ch\/wp-content\/uploads\/2024\/01\/Homepage-13-681x1024.jpg\" alt=\"\" class=\"wp-image-2185 size-full\" srcset=\"https:\/\/lubaya.ch\/wp-content\/uploads\/2024\/01\/Homepage-13-681x1024.jpg 681w, https:\/\/lubaya.ch\/wp-content\/uploads\/2024\/01\/Homepage-13-200x300.jpg 200w, https:\/\/lubaya.ch\/wp-content\/uploads\/2024\/01\/Homepage-13-768x1154.jpg 768w, https:\/\/lubaya.ch\/wp-content\/uploads\/2024\/01\/Homepage-13-1022x1536.jpg 1022w, https:\/\/lubaya.ch\/wp-content\/uploads\/2024\/01\/Homepage-13-1363x2048.jpg 1363w, https:\/\/lubaya.ch\/wp-content\/uploads\/2024\/01\/Homepage-13-1240x1864.jpg 1240w, https:\/\/lubaya.ch\/wp-content\/uploads\/2024\/01\/Homepage-13-508x764.jpg 508w, https:\/\/lubaya.ch\/wp-content\/uploads\/2024\/01\/Homepage-13-scaled.jpg 1703w\" sizes=\"auto, (max-width: 681px) 100vw, 681px\" \/><\/figure><div class=\"wp-block-media-text__content\">\n<p class=\"has-large-font-size\">Hochzeit Shooting<\/p>\n\n\n\n<p>Gerne begleite ich eure Hochzeit, sei das auf dem Zivilstandesamt oder auch tags\u00fcber und dem Fest. Der Preis richtet sich nach Einsatzstunden und pers\u00f6nlichen W\u00fcnschen. <\/p>\n\n\n\n<p class=\"has-large-font-size\">Preis auf Anfrage<\/p>\n<\/div><\/div>\n\n\n\n<div class=\"wp-block-media-text is-stacked-on-mobile\"><figure class=\"wp-block-media-text__media\"><img loading=\"lazy\" decoding=\"async\" width=\"576\" height=\"1024\" src=\"https:\/\/lubaya.ch\/wp-content\/uploads\/2024\/01\/Homepage-3-576x1024.jpg\" alt=\"\" class=\"wp-image-2187 size-full\" srcset=\"https:\/\/lubaya.ch\/wp-content\/uploads\/2024\/01\/Homepage-3-576x1024.jpg 576w, https:\/\/lubaya.ch\/wp-content\/uploads\/2024\/01\/Homepage-3-169x300.jpg 169w, https:\/\/lubaya.ch\/wp-content\/uploads\/2024\/01\/Homepage-3-768x1365.jpg 768w, https:\/\/lubaya.ch\/wp-content\/uploads\/2024\/01\/Homepage-3-864x1536.jpg 864w, https:\/\/lubaya.ch\/wp-content\/uploads\/2024\/01\/Homepage-3-1152x2048.jpg 1152w, https:\/\/lubaya.ch\/wp-content\/uploads\/2024\/01\/Homepage-3-1240x2204.jpg 1240w, https:\/\/lubaya.ch\/wp-content\/uploads\/2024\/01\/Homepage-3-508x903.jpg 508w, https:\/\/lubaya.ch\/wp-content\/uploads\/2024\/01\/Homepage-3-scaled.jpg 1440w\" sizes=\"auto, (max-width: 576px) 100vw, 576px\" \/><\/figure><div class=\"wp-block-media-text__content\">\n<p class=\"has-large-font-size\">Schwangerschaft Shooting<\/p>\n\n\n\n<p class=\"has-small-font-size\">Schwangerschaftsbilder mit oder ohne Partner \/ Geschwister<\/p>\n\n\n\n<p>1h-2h Shooting<\/p>\n\n\n\n<p>Bei dir zu Hause oder an einem Ort deiner Wahl<\/p>\n\n\n\n<p>inkl. 15 bearbeitete Bilder (jedes zus\u00e4tzliche Bild 19.-)<\/p>\n\n\n\n<p class=\"has-large-font-size\">Preis: 250.- <\/p>\n<\/div><\/div>\n\n\n\n<div class=\"wp-block-media-text is-stacked-on-mobile\"><figure class=\"wp-block-media-text__media\"><img loading=\"lazy\" decoding=\"async\" width=\"681\" height=\"1024\" src=\"https:\/\/lubaya.ch\/wp-content\/uploads\/2024\/01\/Homepage3-681x1024.jpg\" alt=\"\" class=\"wp-image-2191 size-full\" srcset=\"https:\/\/lubaya.ch\/wp-content\/uploads\/2024\/01\/Homepage3-681x1024.jpg 681w, https:\/\/lubaya.ch\/wp-content\/uploads\/2024\/01\/Homepage3-200x300.jpg 200w, https:\/\/lubaya.ch\/wp-content\/uploads\/2024\/01\/Homepage3-768x1154.jpg 768w, https:\/\/lubaya.ch\/wp-content\/uploads\/2024\/01\/Homepage3-1022x1536.jpg 1022w, https:\/\/lubaya.ch\/wp-content\/uploads\/2024\/01\/Homepage3-1363x2048.jpg 1363w, https:\/\/lubaya.ch\/wp-content\/uploads\/2024\/01\/Homepage3-1240x1864.jpg 1240w, https:\/\/lubaya.ch\/wp-content\/uploads\/2024\/01\/Homepage3-508x764.jpg 508w, https:\/\/lubaya.ch\/wp-content\/uploads\/2024\/01\/Homepage3-scaled.jpg 1703w\" sizes=\"auto, (max-width: 681px) 100vw, 681px\" \/><\/figure><div class=\"wp-block-media-text__content\">\n<p class=\"has-large-font-size\">Newborn Shooting<\/p>\n\n\n\n<p class=\"has-small-font-size\">Bilder von deinem Baby, Familie, Geschwister<\/p>\n\n\n\n<p>2h -3h Shooting<\/p>\n\n\n\n<p>Bei dir zu Hause <\/p>\n\n\n\n<p>inkl. 20 bearbeitete Bilder (jedes zus\u00e4tzliche Bild 19.-)<\/p>\n\n\n\n<p class=\"has-large-font-size\">Preis: 300.- <\/p>\n<\/div><\/div>\n\n\n\n<div class=\"wp-block-media-text is-stacked-on-mobile\"><figure class=\"wp-block-media-text__media\"><img loading=\"lazy\" decoding=\"async\" width=\"681\" height=\"1024\" src=\"https:\/\/lubaya.ch\/wp-content\/uploads\/2024\/01\/Homepage-17-681x1024.jpg\" alt=\"\" class=\"wp-image-2189 size-full\" srcset=\"https:\/\/lubaya.ch\/wp-content\/uploads\/2024\/01\/Homepage-17-681x1024.jpg 681w, https:\/\/lubaya.ch\/wp-content\/uploads\/2024\/01\/Homepage-17-200x300.jpg 200w, https:\/\/lubaya.ch\/wp-content\/uploads\/2024\/01\/Homepage-17-768x1154.jpg 768w, https:\/\/lubaya.ch\/wp-content\/uploads\/2024\/01\/Homepage-17-1022x1536.jpg 1022w, https:\/\/lubaya.ch\/wp-content\/uploads\/2024\/01\/Homepage-17-1363x2048.jpg 1363w, https:\/\/lubaya.ch\/wp-content\/uploads\/2024\/01\/Homepage-17-1240x1864.jpg 1240w, https:\/\/lubaya.ch\/wp-content\/uploads\/2024\/01\/Homepage-17-508x764.jpg 508w, https:\/\/lubaya.ch\/wp-content\/uploads\/2024\/01\/Homepage-17-scaled.jpg 1703w\" sizes=\"auto, (max-width: 681px) 100vw, 681px\" \/><\/figure><div class=\"wp-block-media-text__content\">\n<p class=\"has-large-font-size\">Familien Shooting<\/p>\n\n\n\n<p class=\"has-small-font-size\">Familienbilder mit allen gew\u00fcnschten Familienmitgliedern.<\/p>\n\n\n\n<p>1.5 h Shooting<\/p>\n\n\n\n<p>Ein Ort nach eurer Wahl<\/p>\n\n\n\n<p>Inkl. 20 bearbeitete Bilder (jedes zus\u00e4tzliche Bild 19.-)<\/p>\n\n\n\n<p class=\"has-large-font-size\">Preis: 400.- <\/p>\n<\/div><\/div>\n\n\n\n<div class=\"wp-block-media-text is-stacked-on-mobile\"><figure class=\"wp-block-media-text__media\"><img loading=\"lazy\" decoding=\"async\" width=\"683\" height=\"1024\" src=\"https:\/\/lubaya.ch\/wp-content\/uploads\/2024\/01\/Homepage2-8-1-683x1024.jpg\" alt=\"\" class=\"wp-image-2190 size-full\" srcset=\"https:\/\/lubaya.ch\/wp-content\/uploads\/2024\/01\/Homepage2-8-1-683x1024.jpg 683w, https:\/\/lubaya.ch\/wp-content\/uploads\/2024\/01\/Homepage2-8-1-200x300.jpg 200w, https:\/\/lubaya.ch\/wp-content\/uploads\/2024\/01\/Homepage2-8-1-768x1152.jpg 768w, https:\/\/lubaya.ch\/wp-content\/uploads\/2024\/01\/Homepage2-8-1-1024x1536.jpg 1024w, https:\/\/lubaya.ch\/wp-content\/uploads\/2024\/01\/Homepage2-8-1-1365x2048.jpg 1365w, https:\/\/lubaya.ch\/wp-content\/uploads\/2024\/01\/Homepage2-8-1-1240x1860.jpg 1240w, https:\/\/lubaya.ch\/wp-content\/uploads\/2024\/01\/Homepage2-8-1-508x762.jpg 508w, https:\/\/lubaya.ch\/wp-content\/uploads\/2024\/01\/Homepage2-8-1-scaled.jpg 1707w\" sizes=\"auto, (max-width: 683px) 100vw, 683px\" \/><\/figure><div class=\"wp-block-media-text__content\">\n<p class=\"has-large-font-size\">Business \/ Team Shooting<\/p>\n\n\n\n<p class=\"has-small-font-size\">Bilder von Dir w\u00e4hrend deiner Arbeit, deinem Arbeitsplatz, oder f\u00fcr deine Business Homepage<\/p>\n\n\n\n<p>1h Shooting<\/p>\n\n\n\n<p>an deinem Arbeitsort<\/p>\n\n\n\n<p>inkl. 10 bearbeitete Bilder (jedes zus\u00e4tzliche Bild 19.-)<\/p>\n\n\n\n<p class=\"has-large-font-size\">Preis: 250.- <\/p>\n<\/div><\/div>\n\n\n\n<div class=\"wp-block-media-text is-stacked-on-mobile\"><figure class=\"wp-block-media-text__media\"><img loading=\"lazy\" decoding=\"async\" width=\"684\" height=\"1024\" src=\"https:\/\/lubaya.ch\/wp-content\/uploads\/2024\/01\/Homepageolideff-1-684x1024.jpg\" alt=\"\" class=\"wp-image-2296 size-full\" srcset=\"https:\/\/lubaya.ch\/wp-content\/uploads\/2024\/01\/Homepageolideff-1-684x1024.jpg 684w, https:\/\/lubaya.ch\/wp-content\/uploads\/2024\/01\/Homepageolideff-1-200x300.jpg 200w, https:\/\/lubaya.ch\/wp-content\/uploads\/2024\/01\/Homepageolideff-1-768x1150.jpg 768w, https:\/\/lubaya.ch\/wp-content\/uploads\/2024\/01\/Homepageolideff-1-1026x1536.jpg 1026w, https:\/\/lubaya.ch\/wp-content\/uploads\/2024\/01\/Homepageolideff-1-1368x2048.jpg 1368w, https:\/\/lubaya.ch\/wp-content\/uploads\/2024\/01\/Homepageolideff-1-1240x1857.jpg 1240w, https:\/\/lubaya.ch\/wp-content\/uploads\/2024\/01\/Homepageolideff-1-508x761.jpg 508w, https:\/\/lubaya.ch\/wp-content\/uploads\/2024\/01\/Homepageolideff-1-scaled.jpg 1710w\" sizes=\"auto, (max-width: 684px) 100vw, 684px\" \/><\/figure><div class=\"wp-block-media-text__content\">\n<p class=\"has-large-font-size\">Haustier <\/p>\n\n\n\n<p class=\"has-small-font-size\">Bilder von deinem geliebten Tier, alleine oder mit dir zusammen<\/p>\n\n\n\n<p>1h Shooting<\/p>\n\n\n\n<p>Bei dir zu Hause oder an einem Ort deiner Wahl<\/p>\n\n\n\n<p>inkl. 10 bearbeitete Bilder (jedes zus\u00e4tzliche Bild 19.-)<\/p>\n\n\n\n<p class=\"has-large-font-size\">Preis: 200.-<\/p>\n<\/div><\/div>\n\n\n\n<blockquote class=\"wp-block-quote is-layout-flow wp-block-quote-is-layout-flow\">\n<p>&#8222;Ein gutes Foto ist eines, das eine Tatsache kommuniziert, das Herz ber\u00fchrt und den Betrachter als eine ver\u00e4nderte Person hinterl\u00e4sst.&#8220;<\/p>\n<cite>Irving Penn<\/cite><\/blockquote>\n\n\n\n<p><\/p>\n","protected":false},"excerpt":{"rendered":"<p>Du m\u00f6chtest authentische, gef\u00fchlvolle Bilder von dir selbst, oder von deinen Liebsten? Du m\u00f6chtest deine Schwangerschaft, oder sonst ein wichtiges Lebensereignis in nat\u00fcrlichen Bildern festhalten? Du feierst Geburtstag, oder eine Hochzeit und m\u00f6chtest diese Momente in lebendigen, nicht gestellten Fotos festhalten? Du ben\u00f6tigst individuelle Bilder f\u00fcr eine eigene Homepage oder neue Teamfotos? Dann melde dich [&hellip;]<\/p>\n","protected":false},"author":1,"featured_media":2084,"parent":0,"menu_order":0,"comment_status":"closed","ping_status":"closed","template":"","meta":{"footnotes":""},"class_list":["post-1423","page","type-page","status-publish","has-post-thumbnail","hentry"],"_links":{"self":[{"href":"https:\/\/lubaya.ch\/index.php?rest_route=\/wp\/v2\/pages\/1423","targetHints":{"allow":["GET"]}}],"collection":[{"href":"https:\/\/lubaya.ch\/index.php?rest_route=\/wp\/v2\/pages"}],"about":[{"href":"https:\/\/lubaya.ch\/index.php?rest_route=\/wp\/v2\/types\/page"}],"author":[{"embeddable":true,"href":"https:\/\/lubaya.ch\/index.php?rest_route=\/wp\/v2\/users\/1"}],"replies":[{"embeddable":true,"href":"https:\/\/lubaya.ch\/index.php?rest_route=%2Fwp%2Fv2%2Fcomments&post=1423"}],"version-history":[{"count":20,"href":"https:\/\/lubaya.ch\/index.php?rest_route=\/wp\/v2\/pages\/1423\/revisions"}],"predecessor-version":[{"id":2360,"href":"https:\/\/lubaya.ch\/index.php?rest_route=\/wp\/v2\/pages\/1423\/revisions\/2360"}],"wp:featuredmedia":[{"embeddable":true,"href":"https:\/\/lubaya.ch\/index.php?rest_route=\/wp\/v2\/media\/2084"}],"wp:attachment":[{"href":"https:\/\/lubaya.ch\/index.php?rest_route=%2Fwp%2Fv2%2Fmedia&parent=1423"}],"curies":[{"name":"wp","href":"https:\/\/api.w.org\/{rel}","templated":true}]}}