{"id":1323,"date":"2021-04-15T10:45:07","date_gmt":"2021-04-15T10:45:07","guid":{"rendered":"https:\/\/lubaya.ch\/?page_id=1323"},"modified":"2024-01-31T20:31:45","modified_gmt":"2024-01-31T20:31:45","slug":"zufriedene-stimmen","status":"publish","type":"page","link":"https:\/\/lubaya.ch\/?page_id=1323","title":{"rendered":"Zufriedene Stimmen"},"content":{"rendered":"\n<p>Hier einige R\u00fcckmeldungen von Personen, welche sich von mir haben fotografieren lassen:<\/p>\n\n\n\n<blockquote class=\"wp-block-quote is-layout-flow wp-block-quote-is-layout-flow\">\n<p>PORTRAIT BILDER<\/p>\n\n\n\n<p>Ich habe mich sehr wohl gef\u00fchlt beim Fotoshooting mit Tabea. Sie hat mir gute Inputs betreffend Positionierung gegeben und mit ihrer charmanten humorvollen Art dazu beigetragen, dass ich immer wieder ein L\u00e4cheln auf mein Gesicht zaubern konnte.<\/p>\n<cite>M.B<\/cite><\/blockquote>\n\n\n\n<blockquote class=\"wp-block-quote is-layout-flow wp-block-quote-is-layout-flow\">\n<p>SCHWANGERSCHAFT \/ BABY \/ FAMILIEN BILDER<\/p>\n\n\n\n<p>Tabea fotografierte uns bereits dreimal bei einem Schwangerschaft-, einem Baby- und einem Familienshooting. Bereits vorg\u00e4ngig geht Tabea auf W\u00fcnsche ein und bringt selber Ideen und einen gro\u00dfen Erfahrungsschatz mit. Sie ber\u00fccksichtigt das aktuelle Wetter bzw. Sonnenlicht und ist stets flexibel und geht auf alle beteiligten Personen, Situationen und Stimmungen ein. Tabea bringt eine Entspanntheit und Lockerheit mit, die sich auf alle Personen \u00fcbertr\u00e4gt und gibt wertvolle und kompetente Anweisungen beim Fotoshooting. Sie hat ein gro\u00dfes Talent stimmungsvolle Bilder und liebevolle Details einzufangen. Und auch mit den Bildern \u00abzwischen den Szenenwechsel\u00bb \u00fcberraschte uns Tabea und erfreute uns riesig! Wir haben uns bei jedem Fotoshooting mit Tabea sehr wohlgef\u00fchlt und freuen uns bereits auf die n\u00e4chste Gelegenheit f\u00fcr ein Shooting mit ihr!<\/p>\n<cite>Familie Lehmann<\/cite><\/blockquote>\n\n\n\n<p><\/p>\n\n\n\n<blockquote class=\"wp-block-quote is-layout-flow wp-block-quote-is-layout-flow\">\n<p>PORTRAIT BILDER<\/p>\n\n\n\n<p>Ich habe mich w\u00e4hrend dem Portraitshooting sehr wohl gef\u00fchlt. Tabea hat eine nat\u00fcrliche, unkomplizierte und wertsch\u00e4tzende Art und gab mir wertvolle Inputs zu Posen und hatte viele verschiedene Fotoideen, wodurch ich mich auch tiptop entspannen und in \u201eihre H\u00e4nde\u201c geben konnte. Ich bin sehr zufrieden mit den entstandenen Fotos von mir, vielen Dank!<\/p>\n<cite>G. Mai<\/cite><\/blockquote>\n\n\n\n<blockquote class=\"wp-block-quote is-layout-flow wp-block-quote-is-layout-flow\">\n<p>BABY &amp; FAMILY BILDER<\/p>\n\n\n\n<p>Tabea war sehr einf\u00fchlsam und gut vorbereitet. Sie hatte Foto-Accessoires dabei, die perfekt f\u00fcr unser Motto passten. Sie hat eine ruhige sch\u00f6ne Atmosph\u00e4re geschaffen, so dass unsere zwei Kleinen beim Shooting wunderbar mitgemacht haben. Wir waren begeistert!<\/p>\n<cite>Maja B.<\/cite><\/blockquote>\n\n\n\n<blockquote class=\"wp-block-quote is-layout-flow wp-block-quote-is-layout-flow\">\n<p>HOCHZEIT<\/p>\n\n\n\n<p>Durch das bereits entstandene Vertrauen war es f\u00fcr uns klar Tabea auch bei der Hochzeit mit dabei als Fotografin zu haben. Das pers\u00f6nliche Shooting konnte dadurch an diesem speziellen Tag entspannt und humorvoll durchgef\u00fchrt werden. Den ganzen Tag war Tabea mit von der Partie und hat sowohl Gruppenfotos wie auch Fotos vom Fest und den G\u00e4sten glamour\u00f6s (trotz Corona und Masken) festgehalten.<\/p>\n<cite>N &amp; B. Schneider<\/cite><\/blockquote>\n\n\n\n<blockquote class=\"wp-block-quote is-layout-flow wp-block-quote-is-layout-flow\">\n<p>HOCHZEIT<\/p>\n\n\n\n<p>Vielen herzlichen Dank f\u00fcr die wundersch\u00f6nen Fotos unserer Hochzeit. Die Vorbereitungen mit dir waren total unkompliziert und du warst stets spontan und offen f\u00fcr unsere Ideen. Man kann gut sehen, dass du eine leidenschaftliche Fotografin bist. Du hast nicht einfach nur Bilder von uns geschossen, sondern auch unserer Emotionen und Gef\u00fchle eingefangen und diese auf eine faszinierende Art wiedergegeben &#8211; und das alles sehr nat\u00fcrlich und im Hintergrund agierend. Wir sind \u00fcbergl\u00fccklich und danken dir f\u00fcr alles!<\/p>\n\n\n\n<p><\/p>\n<cite>Katharina &amp; Romana<\/cite><\/blockquote>\n\n\n\n<blockquote class=\"wp-block-quote is-layout-flow wp-block-quote-is-layout-flow\">\n<p>PAARSHOOTING &amp; HOCHZEIT<\/p>\n\n\n\n<p>Bereits beim Paarshooting haben wir erlebt, wie Tabea die Gabe hat, unkompliziert und unauff\u00e4llig Emotionen einzufangen und dadurch wundersch\u00f6ne Bilder zu fotografieren. Somit war f\u00fcr uns klar, dass wir sie gerne auch an unserer Hochzeit dabei haben. Tabea ist dabei sehr auf unsere W\u00fcnsche und unsere Ideen eingegangen, um uns ein m\u00f6glichst angenehmes und authentisches Paarshooting zu erm\u00f6glichen. W\u00e4hrend dem Fest hat Tabea besonders ausgezeichnet, dass sie unauff\u00e4llig und unaufdringlich verschiedenste sch\u00f6ne Momente und authentische Portraits festgehalten hat. Vielen herzlichen Dank f\u00fcr deinen Einsatz vor-, w\u00e4hrend und nach unserem gro\u00dfen Tag.<\/p>\n<cite>Rahel &amp; Beni<\/cite><\/blockquote>\n\n\n\n<blockquote class=\"wp-block-quote is-layout-flow wp-block-quote-is-layout-flow\">\n<p>PAARSHOOTING<\/p>\n\n\n\n<p>Tabea hat eine nat\u00fcrliche, fr\u00f6hliche und authentische Art wie sie fotografiert. Wir haben uns vom ersten Moment ernstgenommen und akzeptiert gef\u00fchlt. Mit ihrer unkomplizierten Art konnten wir sch\u00f6ne Augenblicke sowie auch verr\u00fcckte Ideen umsetzen. Durch ihre Einf\u00fchlsamkeit haben wir uns bei unserem ersten Fotoshooting rundum wohlgef\u00fchlt.<\/p>\n<cite>Nathi. S<\/cite><\/blockquote>\n\n\n\n<blockquote class=\"wp-block-quote is-layout-flow wp-block-quote-is-layout-flow\">\n<p>BUSINESS<\/p>\n\n\n\n<p>Tabea ist eine mega herzliche Person und wie besprochen hat sie meine W\u00fcnsche vollkommen erf\u00fcllt. Ich kann sie nur von Herzen weiterempfehlen. <\/p>\n<cite>Stephanie Glamhair Coiffeur Zofingen<\/cite><\/blockquote>\n\n\n\n<p><\/p>\n","protected":false},"excerpt":{"rendered":"<p>Hier einige R\u00fcckmeldungen von Personen, welche sich von mir haben fotografieren lassen: PORTRAIT BILDER Ich habe mich sehr wohl gef\u00fchlt beim Fotoshooting mit Tabea. Sie hat mir gute Inputs betreffend Positionierung gegeben und mit ihrer charmanten humorvollen Art dazu beigetragen, dass ich immer wieder ein L\u00e4cheln auf mein Gesicht zaubern konnte. M.B SCHWANGERSCHAFT \/ BABY [&hellip;]<\/p>\n","protected":false},"author":1,"featured_media":2104,"parent":0,"menu_order":0,"comment_status":"closed","ping_status":"closed","template":"","meta":{"footnotes":""},"class_list":["post-1323","page","type-page","status-publish","has-post-thumbnail","hentry"],"_links":{"self":[{"href":"https:\/\/lubaya.ch\/index.php?rest_route=\/wp\/v2\/pages\/1323","targetHints":{"allow":["GET"]}}],"collection":[{"href":"https:\/\/lubaya.ch\/index.php?rest_route=\/wp\/v2\/pages"}],"about":[{"href":"https:\/\/lubaya.ch\/index.php?rest_route=\/wp\/v2\/types\/page"}],"author":[{"embeddable":true,"href":"https:\/\/lubaya.ch\/index.php?rest_route=\/wp\/v2\/users\/1"}],"replies":[{"embeddable":true,"href":"https:\/\/lubaya.ch\/index.php?rest_route=%2Fwp%2Fv2%2Fcomments&post=1323"}],"version-history":[{"count":19,"href":"https:\/\/lubaya.ch\/index.php?rest_route=\/wp\/v2\/pages\/1323\/revisions"}],"predecessor-version":[{"id":2320,"href":"https:\/\/lubaya.ch\/index.php?rest_route=\/wp\/v2\/pages\/1323\/revisions\/2320"}],"wp:featuredmedia":[{"embeddable":true,"href":"https:\/\/lubaya.ch\/index.php?rest_route=\/wp\/v2\/media\/2104"}],"wp:attachment":[{"href":"https:\/\/lubaya.ch\/index.php?rest_route=%2Fwp%2Fv2%2Fmedia&parent=1323"}],"curies":[{"name":"wp","href":"https:\/\/api.w.org\/{rel}","templated":true}]}}