{"id":1320,"date":"2021-04-15T10:45:07","date_gmt":"2021-04-15T10:45:07","guid":{"rendered":"https:\/\/lubaya.ch\/?page_id=1320"},"modified":"2024-07-30T13:55:47","modified_gmt":"2024-07-30T13:55:47","slug":"hinter-der-linse","status":"publish","type":"page","link":"https:\/\/lubaya.ch\/?page_id=1320","title":{"rendered":"Hinter der Linse"},"content":{"rendered":"\n<p class=\"has-text-align-left\">Schon immer war ich leidenschaftlich gerne in der Natur unterwegs. Die Farben und Formen der Natur, die Kreativit\u00e4t und Sch\u00f6nheit, welche sich in der Welt um uns herum zeigt und entfaltet, fasziniert und bewegt mich seit ich denken kann. In und durch die Fotografie habe ich einen Weg gefunden, Gef\u00fchle und Emotionen festzuhalten und auszudr\u00fccken. Seien das meine pers\u00f6nlichen, oder die von Anderen. Es bereitet mir grosse Freude kleine Dinge, Stimmungen und wertvolle Momente einzufangen und authentisch in Szene zu setzen, damit sie in Erinnerung bleiben. Im Verlaufe der Jahre habe ich mir in verschiedenen Themenbereichen der Fotografie Kenntnisse und Erfahrung angeeignet. Dadurch habe ich meinen ganz pers\u00f6nlichen Stil des Fotografierens entwickelt. Ich lege grossen Wert auf authentische, nat\u00fcrliche und gef\u00fchlvolle Bilder, so wenig gestellt und bearbeitet wie m\u00f6glich. Denn so, bin ich \u00fcberzeugt, sind die meisten Emotionen in den jeweiligen Bildern sichtbar und l\u00f6sen beim Betrachter etwas aus. Genau das ist das Ziel meiner Bilder.<\/p>\n\n\n\n<p class=\"has-text-align-left\">Ich liebe es neue Menschen und ihre Geschichten kennenzulernen. Als gelernte Sozialp\u00e4dagogin und individualpsychologische Beraterin durfte\/darf ich Menschen aller Art auf ihrem Weg durchs Leben begleiten, mit all seinen Sch\u00f6nen wie auch herausfordernden und hoffnungsraubenden Momenten. &#8222;Ermutigerin&#8220; zu sein, die Menschen darin unterst\u00fctzen, ihre eigenen Ressourcen und St\u00e4rken wieder neu zu entdecken, neue Hoffnung zu sch\u00f6pfen, erf\u00fcllt mich mit Freude und Dankbarkeit. Mittlerweile durfte ich mir einen Traum erf\u00fcllen und Teilzeit auch als Fotografin arbeiten. Als Babyfotografin habe ich das grosse Privileg, die ersten Momente dieser kleinen Gesch\u00f6pfe festzuhalten.<\/p>\n\n\n\n<p class=\"has-text-align-left\">Meine Freizeit verbringe ich oft draussen beim Wandern, Beisammensein mit Freunden und Familie, wie auch beim Lesen und auf verschiedene Art und Weise kreativ sein. <\/p>\n\n\n\n<p><\/p>\n\n\n\n<blockquote class=\"wp-block-quote is-layout-flow wp-block-quote-is-layout-flow\">\n<p>&#8222;Bei gro\u00dfartiger Fotografie geht es um Gef\u00fchlstiefe, nicht um Sch\u00e4rfentiefe.&#8220;<\/p>\n<cite><em>&#8211; Peter Adams<\/em><\/cite><\/blockquote>\n\n\n\n<p><\/p>\n","protected":false},"excerpt":{"rendered":"<p>Schon immer war ich leidenschaftlich gerne in der Natur unterwegs. Die Farben und Formen der Natur, die Kreativit\u00e4t und Sch\u00f6nheit, welche sich in der Welt um uns herum zeigt und entfaltet, fasziniert und bewegt mich seit ich denken kann. In und durch die Fotografie habe ich einen Weg gefunden, Gef\u00fchle und Emotionen festzuhalten und auszudr\u00fccken. [&hellip;]<\/p>\n","protected":false},"author":1,"featured_media":2103,"parent":0,"menu_order":0,"comment_status":"closed","ping_status":"closed","template":"","meta":{"footnotes":""},"class_list":["post-1320","page","type-page","status-publish","has-post-thumbnail","hentry"],"_links":{"self":[{"href":"https:\/\/lubaya.ch\/index.php?rest_route=\/wp\/v2\/pages\/1320","targetHints":{"allow":["GET"]}}],"collection":[{"href":"https:\/\/lubaya.ch\/index.php?rest_route=\/wp\/v2\/pages"}],"about":[{"href":"https:\/\/lubaya.ch\/index.php?rest_route=\/wp\/v2\/types\/page"}],"author":[{"embeddable":true,"href":"https:\/\/lubaya.ch\/index.php?rest_route=\/wp\/v2\/users\/1"}],"replies":[{"embeddable":true,"href":"https:\/\/lubaya.ch\/index.php?rest_route=%2Fwp%2Fv2%2Fcomments&post=1320"}],"version-history":[{"count":22,"href":"https:\/\/lubaya.ch\/index.php?rest_route=\/wp\/v2\/pages\/1320\/revisions"}],"predecessor-version":[{"id":2358,"href":"https:\/\/lubaya.ch\/index.php?rest_route=\/wp\/v2\/pages\/1320\/revisions\/2358"}],"wp:featuredmedia":[{"embeddable":true,"href":"https:\/\/lubaya.ch\/index.php?rest_route=\/wp\/v2\/media\/2103"}],"wp:attachment":[{"href":"https:\/\/lubaya.ch\/index.php?rest_route=%2Fwp%2Fv2%2Fmedia&parent=1320"}],"curies":[{"name":"wp","href":"https:\/\/api.w.org\/{rel}","templated":true}]}}